{"id":104,"date":"2025-09-12T17:45:06","date_gmt":"2025-09-12T14:45:06","guid":{"rendered":"https:\/\/dulkan.net\/?page_id=104"},"modified":"2026-02-07T02:55:28","modified_gmt":"2026-02-06T23:55:28","slug":"web-site-calismasi-site-ozellikleri","status":"publish","type":"page","link":"https:\/\/dulkan.net\/","title":{"rendered":"WEB S\u0130TELER\u0130N\u0130Z \u0130\u00c7\u0130N"},"content":{"rendered":"<div class=\"wp-block-image\">\n<figure class=\"aligncenter size-full\"><img loading=\"lazy\" decoding=\"async\" width=\"1080\" height=\"1080\" src=\"https:\/\/dulkan.net\/wp-content\/uploads\/2026\/02\/wordpress-bakimi-uzmani-dulkan-net-1.jpg\" alt=\"wordpress-sitesi-kurma-guncelleme-gelistirme-bakimi-uzmani-dulkan-net\" class=\"wp-image-1681\" srcset=\"https:\/\/dulkan.net\/wp-content\/uploads\/2026\/02\/wordpress-bakimi-uzmani-dulkan-net-1.jpg 1080w, https:\/\/dulkan.net\/wp-content\/uploads\/2026\/02\/wordpress-bakimi-uzmani-dulkan-net-1-300x300.jpg 300w, https:\/\/dulkan.net\/wp-content\/uploads\/2026\/02\/wordpress-bakimi-uzmani-dulkan-net-1-1024x1024.jpg 1024w, https:\/\/dulkan.net\/wp-content\/uploads\/2026\/02\/wordpress-bakimi-uzmani-dulkan-net-1-150x150.jpg 150w, https:\/\/dulkan.net\/wp-content\/uploads\/2026\/02\/wordpress-bakimi-uzmani-dulkan-net-1-768x768.jpg 768w\" sizes=\"auto, (max-width: 1080px) 100vw, 1080px\" \/><\/figure>\n<\/div>\n\n\n<hr style=\"\n  width: 65%;\n  height: 4px;\n  background: linear-gradient(to right, #ff0055, #ffcc00);\n  border: none;\n  border-radius: 2px;\n  box-shadow: 0 0 10px rgba(255, 0, 85, 0.6);\n  margin: 40px auto;\n\">\n\n\n\n<h2 class=\"wp-block-heading has-text-align-center\">Deste\u011fim Hakk\u0131nda<\/h2>\n\n\n\n<hr style=\"\n  width: 65%;\n  height: 4px;\n  background: linear-gradient(to right, #ff0055, #ffcc00);\n  border: none;\n  border-radius: 2px;\n  box-shadow: 0 0 10px rgba(255, 0, 85, 0.6);\n  margin: 40px auto;\n\">\n\n\n\n<style>\n    .hakkimda_p1 {\n      \/*color: #555;*\/\n      line-height: 1.6;\n      margin-bottom: 30px;\n\t  text-indent: 20px;\n    }\n\t.smile-paragraph::before {\n    content: \"\ud83d\ude0a \";\n    font-size: 1.2em;\n  }\n\n\n    #hakkimda_ul {\n      list-style-type: disc;\n      padding-left: 20px;\n    }\n\n    .hakkimda_li {\n      transform: translateY(20px);\n      animation: fadeSlideIn 0.8s ease forwards;\n      margin-bottom: 12px;\n      background: #e8f0fe;\n      padding: 10px 15px;\n      border-radius: 8px;\n      color: #222;\n      font-weight: 500;\n    }\n<\/style>\n\n<section>\n <p class=\"hakkimda_p1 smile-paragraph\">Dinamik Web Sitesi: Web sitenizin daima g\u00fcncel kalmas\u0131 i\u00e7in tema de\u011fi\u015fikli\u011fine izin veren dinamik ve g\u00fcvenli WordPress altyap\u0131s\u0131 kullan\u0131larak kurulumunun ger\u00e7ekle\u015ftirilmesi.<\/p>\n    <p class=\"hakkimda_p1 smile-paragraph\">\u0130\u015f Ak\u0131\u015f\u0131n\u0131za Uygun \u0130\u00e7erik Olu\u015fturma: Detaylar\u0131n \u00f6nemsenerek, g\u00f6rsellerin, videolar\u0131n, metinlerin vb. web sitenize uygun \u015fekilde yerle\u015ftirilmesi. (Web site i\u00e7erikleri, Sizden gelen temel de\u011ferlerin geli\u015ftirilmesi ile \u0130\u015f ak\u0131\u015f\u0131n\u0131za uygun olarak olu\u015fturulmaktad\u0131r.)<\/p>\n    <p class=\"hakkimda_p1 smile-paragraph\">Temel Seo \u00c7al\u0131\u015fmas\u0131: (Google aramalar\u0131nda ilk sayfa ve s\u0131ralarda yer alman\u0131z i\u00e7in gerekli temel \u00e7al\u0131\u015fmalar\u0131n ger\u00e7ekle\u015ftirilmesi)<\/p>\n    <p class=\"hakkimda_p1 smile-paragraph\">Responvie Web Sitesi: Cep Telefonu, Diz\u00fcst\u00fc ve Masa \u00dcst\u00fc Bilgisayar vb. t\u00fcm ekran boyutlar\u0131 ile \u00e7al\u0131\u015facak uygun \u00e7er\u00e7eveli tasar\u0131mlar.<\/p>\n    <p class=\"hakkimda_p1 smile-paragraph\">Web Site Yap\u0131 ve \u0130\u00e7erik G\u00fc\u00e7lendirilmesi: Dinamik yap\u0131daki web sitenizin i\u015finize ve i\u015f ak\u0131\u015f\u0131n\u0131za uygun eklentiler kullan\u0131larak, yap\u0131s\u0131n\u0131n ve i\u00e7eri\u011finizin g\u00fc\u00e7lendirilmesi.<\/p>\n\n  <ul id=\"hakkimda_ul\">\n    <li class=\"hakkimda_li\">WORDPRESS TABANLI D\u0130NAM\u0130K S\u0130TE KURULUMU<\/li>\n    <li class=\"hakkimda_li\">\u0130\u015e AKI\u015eINA UYGUN \u0130\u00c7ER\u0130K OLU\u015eTURMA<\/li>\n    <li class=\"hakkimda_li\">TEMEL SEO OPT\u0130M\u0130ZASYONU\/li>\n    <li class=\"hakkimda_li\">T\u00dcM EKRANLARLA UYUMLU TASARIM<\/li>\n    <li class=\"hakkimda_li\">WEB S\u0130TE YAPI ve \u0130\u00c7ER\u0130K G\u00dc\u00c7LEND\u0130RME<\/li>\n  <\/ul>\n<\/section><br><br>\n\n\n<div class=\"wp-block-image\">\n<figure class=\"aligncenter size-large\"><img loading=\"lazy\" decoding=\"async\" width=\"724\" height=\"1024\" src=\"https:\/\/dulkan.net\/wp-content\/uploads\/2026\/02\/afis-web-site-sagligi-bakimi-dulkan-1-724x1024.jpg\" alt=\"afis-web-site-wordpress-guncelleme-gelistirme-bakimi-dulkan\" class=\"wp-image-1680\" srcset=\"https:\/\/dulkan.net\/wp-content\/uploads\/2026\/02\/afis-web-site-sagligi-bakimi-dulkan-1-724x1024.jpg 724w, https:\/\/dulkan.net\/wp-content\/uploads\/2026\/02\/afis-web-site-sagligi-bakimi-dulkan-1-212x300.jpg 212w, https:\/\/dulkan.net\/wp-content\/uploads\/2026\/02\/afis-web-site-sagligi-bakimi-dulkan-1-768x1086.jpg 768w, https:\/\/dulkan.net\/wp-content\/uploads\/2026\/02\/afis-web-site-sagligi-bakimi-dulkan-1-1086x1536.jpg 1086w, https:\/\/dulkan.net\/wp-content\/uploads\/2026\/02\/afis-web-site-sagligi-bakimi-dulkan-1.jpg 1414w\" sizes=\"auto, (max-width: 724px) 100vw, 724px\" \/><\/figure>\n<\/div>\n\n\n<p><br>Web Siteniz ile ilgili Size destek olmaktan mutluluk duyar\u0131m. Benimle \u00e7ekinmeden ileti\u015fim kurabilirsiniz.<\/p>\n\n\n\n<hr style=\"\n  width: 65%;\n  height: 4px;\n  background: linear-gradient(to right, #ff0055, #ffcc00);\n  border: none;\n  border-radius: 2px;\n  box-shadow: 0 0 10px rgba(255, 0, 85, 0.6);\n  margin: 40px auto;\n\">\n\n\n\n<p>Mobil: <a href=\"tel:05312161718\">0 531 216 17 18<\/a><\/p>\n","protected":false},"excerpt":{"rendered":"<p>Deste\u011fim Hakk\u0131nda Dinamik Web Sitesi: Web sitenizin daima g\u00fcncel kalmas\u0131 i\u00e7in tema de\u011fi\u015fikli\u011fine izin veren dinamik ve g\u00fcvenli WordPress altyap\u0131s\u0131 kullan\u0131larak kurulumunun ger\u00e7ekle\u015ftirilmesi. \u0130\u015f Ak\u0131\u015f\u0131n\u0131za Uygun \u0130\u00e7erik Olu\u015fturma: Detaylar\u0131n \u00f6nemsenerek, g\u00f6rsellerin, videolar\u0131n, metinlerin vb. web sitenize uygun \u015fekilde yerle\u015ftirilmesi. (Web site i\u00e7erikleri, Sizden gelen temel de\u011ferlerin geli\u015ftirilmesi ile \u0130\u015f ak\u0131\u015f\u0131n\u0131za uygun olarak olu\u015fturulmaktad\u0131r.) Temel Seo [&hellip;]<\/p>\n","protected":false},"author":1,"featured_media":0,"parent":0,"menu_order":0,"comment_status":"closed","ping_status":"closed","template":"page-templates\/template-fullwidth.php","meta":{"pgc_sgb_lightbox_settings":"","footnotes":""},"class_list":["post-104","page","type-page","status-publish","hentry"],"_links":{"self":[{"href":"https:\/\/dulkan.net\/index.php\/wp-json\/wp\/v2\/pages\/104","targetHints":{"allow":["GET"]}}],"collection":[{"href":"https:\/\/dulkan.net\/index.php\/wp-json\/wp\/v2\/pages"}],"about":[{"href":"https:\/\/dulkan.net\/index.php\/wp-json\/wp\/v2\/types\/page"}],"author":[{"embeddable":true,"href":"https:\/\/dulkan.net\/index.php\/wp-json\/wp\/v2\/users\/1"}],"replies":[{"embeddable":true,"href":"https:\/\/dulkan.net\/index.php\/wp-json\/wp\/v2\/comments?post=104"}],"version-history":[{"count":17,"href":"https:\/\/dulkan.net\/index.php\/wp-json\/wp\/v2\/pages\/104\/revisions"}],"predecessor-version":[{"id":1707,"href":"https:\/\/dulkan.net\/index.php\/wp-json\/wp\/v2\/pages\/104\/revisions\/1707"}],"wp:attachment":[{"href":"https:\/\/dulkan.net\/index.php\/wp-json\/wp\/v2\/media?parent=104"}],"curies":[{"name":"wp","href":"https:\/\/api.w.org\/{rel}","templated":true}]}}