{"id":11,"date":"2025-03-20T14:43:26","date_gmt":"2025-03-20T11:43:26","guid":{"rendered":"https:\/\/dulkan.net\/?page_id=11"},"modified":"2026-02-07T02:55:07","modified_gmt":"2026-02-06T23:55:07","slug":"hakkimda","status":"publish","type":"page","link":"https:\/\/dulkan.net\/index.php\/hakkimda\/","title":{"rendered":"HAKKIMDA"},"content":{"rendered":"\n<p>(Dijital pazarlamay\u0131 da i\u00e7eren)<strong> &#8220;Sosyal Medya Uzman\u0131&#8221;<\/strong> olarak Portfolyo Web Sitemi ziyaret etti\u011finiz i\u00e7in Siz de\u011ferli ziyaret\u00e7ilerime te\u015fekk\u00fcr ederim.<\/p>\n\n\n\n<p>\u00dcr\u00fcn ve hizmetleriniz i\u00e7in ger\u00e7ekle\u015ftirece\u011fim dijital tan\u0131t\u0131m, reklam, pazarlama ve sat\u0131\u015fa yard\u0131mc\u0131 \u00e7al\u0131\u015fmalar\u0131m, firma ve markan\u0131z\u0131n dijital platformlarda etkili bir \u015fekilde konumlanmas\u0131n\u0131, hedef kitleyle do\u011fru ileti\u015fim kurmas\u0131n\u0131 ve d\u00f6n\u00fc\u015f\u00fcm odakl\u0131 stratejiler geli\u015ftirmesini sa\u011flayacakt\u0131r. Bu y\u00f6nde t\u00fcm s\u00fcre\u00e7leri entegre bir yakla\u015f\u0131mla ele al\u0131yor, firma ve markan\u0131z\u0131n dijital b\u00fcy\u00fcme yolculu\u011funda destek hizmeti sunuyorum.<\/p>\n\n\n\n<p>\u0130\u015f ak\u0131\u015f\u0131na uygun ve b\u00fct\u00fcnsel yakla\u015f\u0131m\u0131m sayesinde, marka ve hikayenizin kitlelere do\u011fru anlat\u0131lmas\u0131 ile firma ve markan\u0131z dijital d\u00fcnyada g\u00f6r\u00fcn\u00fcr olacak, m\u00fc\u015fterileriniz ile ger\u00e7ek ba\u011flar kuracaks\u0131n\u0131z.<\/p>\n\n\n\n<p>Dijital evrende \u00e7\u0131kaca\u011f\u0131n\u0131z stratejik fakat duygusal bu yolculukta, kaptan\u0131n\u0131z olmaya aday\u0131m.<\/p>\n\n\n\n<p>Dijital evrende birlikte yol alal\u0131m.<\/p>\n\n\n\n<p>Marka Konumland\u0131rma, \u0130\u00e7erik Stratejisi Olu\u015fturma, Sosyal Medya Optimizasyonu ve Y\u00f6netimi, \u00dcr\u00fcn ve Hizmetlerinizin Sat\u0131\u015flar\u0131na Destek Hizmeti gibi firman\u0131z\u0131 dijital d\u00fcnyaya entegre edecek \u00e7al\u0131\u015fmalar\u0131m, her zaman g\u00f6zetiminizde ger\u00e7ekle\u015ftirilmektedir.<\/p>\n\n\n\n<p>G\u00f6zetiminde her ad\u0131m, hedef kitlenize ula\u015fmak ve d\u00f6n\u00fc\u015f\u00fcm sa\u011flamak i\u00e7in veri odakl\u0131 ve firma faaliyetlerinize g\u00f6re optimize edilmi\u015f \u015fekilde tasarlanarak birlikte yola \u00e7\u0131k\u0131l\u0131r.<\/p>\n\n\n\n<p>Her ad\u0131m, stratejik rotam\u0131z do\u011frultusunda veri odakl\u0131 ve firma faaliyetlerinize g\u00f6re optimize edilerek tasarlan\u0131r.<\/p>\n\n\n\n<h5 class=\"wp-block-heading has-text-align-center\"><strong>Birlikte \u00e7al\u0131\u015fma s\u00fcrecimizde<\/strong> <strong>yard\u0131mc\u0131 olmaya aday oldu\u011fum konular:<\/strong><\/h5>\n\n\n\n<p><strong>KURUMSAL WEB S\u0130TES\u0130 KURMA &#8211; \u0130\u00c7ER\u0130K OLU\u015eTURMA &#8211; \u0130\u00c7ER\u0130K G\u00dcNCELLEME<\/strong><\/p>\n\n\n\n<p><\/p>\n\n\n\n<p>Sosyal Medyan\u0131z\u0131 tamamlay\u0131c\u0131 ve hedef kitlenize y\u00f6nelik <strong>Kurumsal ve Bireysel Web-\u0130nternet Siteniz<\/strong> kurulur, y\u00f6netilir.<\/p>\n\n\n\n<p>Hedef Kitlenize Y\u00f6nelik \u0130\u00e7erik Olu\u015fturulur.<\/p>\n\n\n\n<p>Var olan web-internet sitenizin i\u00e7eri\u011fi g\u00fcncellenir. \u0130\u015finize ve hedef kitlenize uygun hale getirilir.<\/p>\n\n\n\n<p>Sosyal Medya Optimizasyonu ve Y\u00f6netimi sa\u011flan\u0131r.<\/p>\n\n\n\n<p>\u00dcr\u00fcn ve hizmetlerinizin sanal d\u00fcnyada hedefe y\u00f6nelik pazarlanmas\u0131.<\/p>\n","protected":false},"excerpt":{"rendered":"<p>(Dijital pazarlamay\u0131 da i\u00e7eren) &#8220;Sosyal Medya Uzman\u0131&#8221; olarak Portfolyo Web Sitemi ziyaret etti\u011finiz i\u00e7in Siz de\u011ferli ziyaret\u00e7ilerime te\u015fekk\u00fcr ederim. \u00dcr\u00fcn ve hizmetleriniz i\u00e7in ger\u00e7ekle\u015ftirece\u011fim dijital tan\u0131t\u0131m, reklam, pazarlama ve sat\u0131\u015fa yard\u0131mc\u0131 \u00e7al\u0131\u015fmalar\u0131m, firma ve markan\u0131z\u0131n dijital platformlarda etkili bir \u015fekilde konumlanmas\u0131n\u0131, hedef kitleyle do\u011fru ileti\u015fim kurmas\u0131n\u0131 ve d\u00f6n\u00fc\u015f\u00fcm odakl\u0131 stratejiler geli\u015ftirmesini sa\u011flayacakt\u0131r. Bu y\u00f6nde t\u00fcm [&hellip;]<\/p>\n","protected":false},"author":1,"featured_media":0,"parent":0,"menu_order":0,"comment_status":"closed","ping_status":"closed","template":"page-templates\/template-fullwidth.php","meta":{"pgc_sgb_lightbox_settings":"","footnotes":""},"class_list":["post-11","page","type-page","status-publish","hentry"],"_links":{"self":[{"href":"https:\/\/dulkan.net\/index.php\/wp-json\/wp\/v2\/pages\/11","targetHints":{"allow":["GET"]}}],"collection":[{"href":"https:\/\/dulkan.net\/index.php\/wp-json\/wp\/v2\/pages"}],"about":[{"href":"https:\/\/dulkan.net\/index.php\/wp-json\/wp\/v2\/types\/page"}],"author":[{"embeddable":true,"href":"https:\/\/dulkan.net\/index.php\/wp-json\/wp\/v2\/users\/1"}],"replies":[{"embeddable":true,"href":"https:\/\/dulkan.net\/index.php\/wp-json\/wp\/v2\/comments?post=11"}],"version-history":[{"count":2,"href":"https:\/\/dulkan.net\/index.php\/wp-json\/wp\/v2\/pages\/11\/revisions"}],"predecessor-version":[{"id":1706,"href":"https:\/\/dulkan.net\/index.php\/wp-json\/wp\/v2\/pages\/11\/revisions\/1706"}],"wp:attachment":[{"href":"https:\/\/dulkan.net\/index.php\/wp-json\/wp\/v2\/media?parent=11"}],"curies":[{"name":"wp","href":"https:\/\/api.w.org\/{rel}","templated":true}]}}