{"id":1504,"date":"2025-11-13T12:07:15","date_gmt":"2025-11-13T09:07:15","guid":{"rendered":"https:\/\/dulkan.net\/?page_id=1504"},"modified":"2026-02-07T02:51:32","modified_gmt":"2026-02-06T23:51:32","slug":"referanslarim","status":"publish","type":"page","link":"https:\/\/dulkan.net\/index.php\/referanslarim\/","title":{"rendered":"REFERANSLARIM"},"content":{"rendered":"\n<p>Referans linklerimi <a href=\"https:\/\/wa.me\/+905312161718\" target=\"_blank\" rel=\"noreferrer noopener\">WhatsApp uygulamas\u0131 \u00fczerinden<\/a> isteyebilirsiniz.<\/p>\n\n\n\n<p class=\"has-text-align-right\">Te\u015fekk\u00fcr ederim.<\/p>\n","protected":false},"excerpt":{"rendered":"<p>Referans linklerimi WhatsApp uygulamas\u0131 \u00fczerinden isteyebilirsiniz. Te\u015fekk\u00fcr ederim.<\/p>\n","protected":false},"author":1,"featured_media":0,"parent":0,"menu_order":0,"comment_status":"closed","ping_status":"closed","template":"page-templates\/template-fullwidth.php","meta":{"pgc_sgb_lightbox_settings":"","footnotes":""},"class_list":["post-1504","page","type-page","status-publish","hentry"],"_links":{"self":[{"href":"https:\/\/dulkan.net\/index.php\/wp-json\/wp\/v2\/pages\/1504","targetHints":{"allow":["GET"]}}],"collection":[{"href":"https:\/\/dulkan.net\/index.php\/wp-json\/wp\/v2\/pages"}],"about":[{"href":"https:\/\/dulkan.net\/index.php\/wp-json\/wp\/v2\/types\/page"}],"author":[{"embeddable":true,"href":"https:\/\/dulkan.net\/index.php\/wp-json\/wp\/v2\/users\/1"}],"replies":[{"embeddable":true,"href":"https:\/\/dulkan.net\/index.php\/wp-json\/wp\/v2\/comments?post=1504"}],"version-history":[{"count":1,"href":"https:\/\/dulkan.net\/index.php\/wp-json\/wp\/v2\/pages\/1504\/revisions"}],"predecessor-version":[{"id":1703,"href":"https:\/\/dulkan.net\/index.php\/wp-json\/wp\/v2\/pages\/1504\/revisions\/1703"}],"wp:attachment":[{"href":"https:\/\/dulkan.net\/index.php\/wp-json\/wp\/v2\/media?parent=1504"}],"curies":[{"name":"wp","href":"https:\/\/api.w.org\/{rel}","templated":true}]}}